{"id":18,"date":"2021-09-06T18:34:35","date_gmt":"2021-09-06T18:34:35","guid":{"rendered":"https:\/\/bagnes-chalet.ch\/?page_id=18"},"modified":"2022-08-05T13:21:17","modified_gmt":"2022-08-05T13:21:17","slug":"accueil","status":"publish","type":"page","link":"https:\/\/bagnes-chalet.ch\/de\/","title":{"rendered":"Willkommen"},"content":{"rendered":"<p>Zu mieten authentisches Walliserchalet  mit wundersch\u00f6nem Ausblick auf die Bergen.<\/p>\n\n\n\n<p>Es befindet sich in der Gemeinde Val de Bagnes (Vens).<\/p>\n\n\n\n<p>Sie sind in 10 Minuten in Sembrancher, wo sie alle \u00fcblichen L\u00e4den finden k\u00f6nnen Coop, Migros Restaurants, Apotheke, Tankstelle usw. In 12 Minuten sind Sie am Bahnhof Ch\u00e2ble, wo sich die Talstation der Gondelbahn nach Verbier befindet. Sie bringt Sie direkt in das grosse Skigebiet von Verbier. Ein grosser Parkplatz steht Ihnen zu verf\u00fcgung und im Winter k\u00f6nnen Sie Ihre Skis und Skischuhe in einem geschlossenen Schrank abstellen.<\/p>\n\n\n\n<p>Das Chalet wurde 2020 total renoviert, das Dach wurde mit Solarzellen bedeckt und geheizt wird mit einer umweltfreundlichen W\u00e4rmepumpe. Alle R\u00e4ume sind mit Bodenheizung ausgestattet.<\/p>\n\n\n\n<p>M\u00f6chten Sie ganz in der N\u00e4he von den Sportangeboten\/ Skipisten von Verbier und Bruson sein ohne dem hektischen Leben im Tourismuscentrum. Dann sind Sie in unserem sch\u00f6nen Chalet am richtigen Ort. Im Sommer k\u00f6nnen Sie viele sch\u00f6ne Wanderungen und Ausfl\u00fcge in der N\u00e4he unternehmen.<\/p>\n\n\n\n<p>Wundersch\u00f6nen Ausblick auf die Berge<\/p>\n\n\n\n<h2 class=\"has-text-align-center wp-block-heading\">Beschreibung<\/h2>\n\n\n\n<p>Der Innenbereich ist modern und mit allem Komfort ausgerichtet. F\u00fcr einen erholsamen Urlaub im Sommer oder Winter bietet es f\u00fcr sechs Personen ideale Voraussetzungen.<\/p>\n\n\n\n<p>Eine v\u00f6llig ausger\u00fcstete offene K\u00fcche, Essecke und einem gem\u00fctlichen Wohnbereich mit TV (Kabel) und gratis WLAN Anschluss befindet sich im Erdgeschoss.<\/p>\n\n\n\n<p>Im unteren Erdgeschoss befinden sich zwei Schlafzimmer, mit je einem Doppelbett 160x200 mit viel nat\u00fcrlichem Licht. Zwei Badezimmer mit WC und Dusche.<\/p>\n\n\n\n<p>Auf dem Mezzanin\/ Hochparterre (17 m2) sind zwei Einzelbetten 90x200<\/p>\n\n\n\n<p>Im Aussenbereich ein kleiner Garten, und Gartenh\u00e4uschen wo Sie im Winter Ihre Skis abstellen k\u00f6nnen. Direkt vor dem Chalet  hat es Platz f\u00fcr zwei Autos.<\/p>\n\n\n\n<h2 class=\"has-text-align-center wp-block-heading\">Tarife<\/h2>\n\n\n\n<p>Wintersaison : zwischen 1'500.- und 1'800.- Fr<\/p>\n\n\n\n<p>Sommersaison : zwischen 1'400.- und 1'700.- Fr<\/p>\n\n\n\n<p>Im Preis ist alles inbegriffen ausser den Kurtaxen die Sie auf dem Touristenb\u00fcro in Ch\u00e2ble bezahlen m\u00fcssen. Fr 3.- pro Personen und Nacht. Im Sommer bekommen Sie ein Pass mit vielen Verg\u00fcnstigungen.<\/p>","protected":false},"excerpt":{"rendered":"<p>Bienvenue sur notre site internet consacr\u00e9 \u00e0 la location de notre chalet familial. Vous souhaitez \u00eatre directement \u00e0 proximit\u00e9 des infrastructures sportives de la r\u00e9gion de Verbier, mais sans les nuisances des festivit\u00e9s nocturnes d\u2019une station, alors vous appr\u00e9cierez le village de Vens et la situation de notre chalet. A moins de 10 minutes vous trouverez \u00e0 Sembrancher tous les magasins n\u00e9cessaires \u00e0 votre s\u00e9jour, pharmacie, Migros, Coop, station d\u2019essence, restaurants, etc\u2026 Pour vous rendre sur les pistes de Verbier ou Bruson, vous pouvez laisser votre voiture \u00e0 Sembrancher et prendre le train pour le Ch\u00e2ble ou directement parquer \u00e0 la gare du Ch\u00e2ble. Vous pourrez proc\u00e9dez de m\u00eame pour les nombreuses randonn\u00e9es et excursions en \u00e9t\u00e9. Enti\u00e8rement r\u00e9nov\u00e9 en 2020, \u00e0 l\u2019ext\u00e9rieur dans l\u2019esprit d\u2019un authentique raccard, votre logement \u00e0 l\u2019int\u00e9rieur offre toutes les commodit\u00e9s modernes, telles que chauffage au sol, grande cuisine agenc\u00e9e, TV avec BOX, WI-FI gratuit, 2 salles de bains avec WC et douche \u00e0 l\u2019italienne, chauffe- serviette, etc\u2026 Vue imprenable sur la vall\u00e9e et les montagnes. Description Chalet de vacances de 115 m2 pour 6 personnes. Situation Commune de Bagnes (Vens). Vens est \u00e0 12 minutes de la gare du Ch\u00e2ble et 7 minutes de Sembrancher. Distribution S\u00e9jour, salle \u00e0 manger et cuisine au rez avec un r\u00e9duit\/penderie s\u00e9par\u00e9. Mezzanine de 17 m2 \u00e9quip\u00e9e avec deux lits simples de 90&#215;200 cm. Rez inf\u00e9rieur 2 chambres \u00e0 coucher avec lit double 160&#215;200 cm. 2x salles de bains avec WC et douches. Ext\u00e9rieur Terrasse et chalet de jardin pour local \u00e0 skis. 2x places de parcs directement devant le chalet. Tarifs Saison d\u2019hiver : de 1&rsquo;500.- \u00e0 1&rsquo;800.- Saison d\u2019\u00e9t\u00e9 : de 1&rsquo;400.- \u00e0 1&rsquo;700.- Tout compris, sauf taxes de s\u00e9jour (3.- par personne et par nuit). Elles sont \u00e0 payer \u00e0 votre premier passage au Ch\u00e2ble \u00e0 l\u2019office du tourisme. Ce paiement vous permettra de recevoir en \u00e9t\u00e9, un pass pour la gratuit\u00e9 des t\u00e9l\u00e9cabines, bus postaux et des r\u00e9ductions sur diverses activit\u00e9s.<\/p>","protected":false},"author":1,"featured_media":0,"parent":0,"menu_order":0,"comment_status":"closed","ping_status":"closed","template":"","meta":{"footnotes":""},"class_list":["post-18","page","type-page","status-publish","hentry"],"_links":{"self":[{"href":"https:\/\/bagnes-chalet.ch\/de\/wp-json\/wp\/v2\/pages\/18","targetHints":{"allow":["GET"]}}],"collection":[{"href":"https:\/\/bagnes-chalet.ch\/de\/wp-json\/wp\/v2\/pages"}],"about":[{"href":"https:\/\/bagnes-chalet.ch\/de\/wp-json\/wp\/v2\/types\/page"}],"author":[{"embeddable":true,"href":"https:\/\/bagnes-chalet.ch\/de\/wp-json\/wp\/v2\/users\/1"}],"replies":[{"embeddable":true,"href":"https:\/\/bagnes-chalet.ch\/de\/wp-json\/wp\/v2\/comments?post=18"}],"version-history":[{"count":38,"href":"https:\/\/bagnes-chalet.ch\/de\/wp-json\/wp\/v2\/pages\/18\/revisions"}],"predecessor-version":[{"id":177,"href":"https:\/\/bagnes-chalet.ch\/de\/wp-json\/wp\/v2\/pages\/18\/revisions\/177"}],"wp:attachment":[{"href":"https:\/\/bagnes-chalet.ch\/de\/wp-json\/wp\/v2\/media?parent=18"}],"curies":[{"name":"wp","href":"https:\/\/api.w.org\/{rel}","templated":true}]}}